{"id":83165,"date":"2020-05-20T17:08:58","date_gmt":"2020-05-20T17:08:58","guid":{"rendered":"https:\/\/industrialdome.com\/?page_id=83165"},"modified":"2025-04-25T10:34:24","modified_gmt":"2025-04-25T14:34:24","slug":"sports-dome","status":"publish","type":"page","link":"https:\/\/industrialdome.com\/fr\/sports-dome\/","title":{"rendered":"Sports dome"},"content":{"rendered":"<div class=\"wpb-content-wrapper\"><p>[vc_row unlock_row_content=\u00a0\u00bbyes\u00a0\u00bb row_height_percent=\u00a0\u00bb0&Prime; override_padding=\u00a0\u00bbyes\u00a0\u00bb h_padding=\u00a0\u00bb0&Prime; top_padding=\u00a0\u00bb0&Prime; bottom_padding=\u00a0\u00bb0&Prime; back_color=\u00a0\u00bbcolor-wayh\u00a0\u00bb overlay_alpha=\u00a0\u00bb50&Prime; equal_height=\u00a0\u00bbyes\u00a0\u00bb gutter_size=\u00a0\u00bb0&Prime; column_width_percent=\u00a0\u00bb100&Prime; shift_y=\u00a0\u00bb0&Prime; z_index=\u00a0\u00bb0&Prime;][vc_column column_width_percent=\u00a0\u00bb100&Prime; gutter_size=\u00a0\u00bb0&Prime; style=\u00a0\u00bblight\u00a0\u00bb overlay_alpha=\u00a0\u00bb50&Prime; shift_x=\u00a0\u00bb0&Prime; shift_y=\u00a0\u00bb0&Prime; shift_y_down=\u00a0\u00bb0&Prime; z_index=\u00a0\u00bb0&Prime; medium_width=\u00a0\u00bb0&Prime; mobile_width=\u00a0\u00bb0&Prime; width=\u00a0\u00bb1\/2&Prime;][vc_row_inner row_inner_height_percent=\u00a0\u00bb0&Prime; overlay_alpha=\u00a0\u00bb50&Prime; gutter_size=\u00a0\u00bb3&Prime; shift_y=\u00a0\u00bb0&Prime; z_index=\u00a0\u00bb0&Prime;][vc_column_inner column_width_percent=\u00a0\u00bb81&Prime; gutter_size=\u00a0\u00bb3&Prime; override_padding=\u00a0\u00bbyes\u00a0\u00bb column_padding=\u00a0\u00bb4&Prime; style=\u00a0\u00bbdark\u00a0\u00bb back_color=\u00a0\u00bbcolor-wayh\u00a0\u00bb overlay_alpha=\u00a0\u00bb50&Prime; shift_x=\u00a0\u00bb0&Prime; shift_y=\u00a0\u00bb0&Prime; shift_y_down=\u00a0\u00bb0&Prime; z_index=\u00a0\u00bb0&Prime; medium_width=\u00a0\u00bb0&Prime; mobile_width=\u00a0\u00bb0&Prime; width=\u00a0\u00bb1\/1&Prime;][vc_custom_heading heading_semantic=\u00a0\u00bbh1&Prime; text_size=\u00a0\u00bbh3&Prime; text_transform=\u00a0\u00bbuppercase\u00a0\u00bb text_height=\u00a0\u00bbfontheight-150410&Prime;]Sports dome[\/vc_custom_heading][vc_custom_heading text_color=\u00a0\u00bbcolor-567605&Prime; text_transform=\u00a0\u00bbuppercase\u00a0\u00bb]La meilleure option d&rsquo;abri temporaire pour votre terrain de sport.[\/vc_custom_heading][vc_column_text text_lead=\u00a0\u00bbyes\u00a0\u00bb]Parfois, nous travaillons tr\u00e8s dur et \u00e0 tr\u00e8s long terme pour pr\u00e9parer un \u00e9v\u00e9nement sportif. Cela peut tomber \u00e0 l&rsquo;eau rapidement a cause de la temp\u00e9rature.<\/p>\n<p>Avec les d\u00f4mes gonflables sportifs de Dome Industriel, vous n&rsquo;avez pas a vous soucier de cela, puisque nous avons la solutions.[\/vc_column_text][\/vc_column_inner][\/vc_row_inner][vc_row_inner row_inner_height_percent=\u00a0\u00bb0&Prime; overlay_alpha=\u00a0\u00bb50&Prime; equal_height=\u00a0\u00bbyes\u00a0\u00bb gutter_size=\u00a0\u00bb0&Prime; shift_y=\u00a0\u00bb0&Prime; z_index=\u00a0\u00bb0&Prime;][vc_column_inner column_width_percent=\u00a0\u00bb100&Prime; gutter_size=\u00a0\u00bb3&Prime; override_padding=\u00a0\u00bbyes\u00a0\u00bb column_padding=\u00a0\u00bb4&Prime; style=\u00a0\u00bbdark\u00a0\u00bb back_color=\u00a0\u00bbaccent\u00a0\u00bb back_image=\u00a0\u00bb9&Prime; overlay_color=\u00a0\u00bbaccent\u00a0\u00bb overlay_alpha=\u00a0\u00bb80&Prime; shift_x=\u00a0\u00bb0&Prime; shift_y=\u00a0\u00bb0&Prime; shift_y_down=\u00a0\u00bb0&Prime; z_index=\u00a0\u00bb0&Prime; medium_width=\u00a0\u00bb0&Prime; mobile_width=\u00a0\u00bb0&Prime; width=\u00a0\u00bb1\/2&Prime;][vc_icon icon=\u00a0\u00bbfa fa-futbol-o\u00a0\u00bb size=\u00a0\u00bbfa-4x\u00a0\u00bb align=\u00a0\u00bbleft\u00a0\u00bb title=\u00a0\u00bbGRANDE CAPACIT\u00c9\u00a0\u00bb]Nous pouvons couvrir la moiti\u00e9 d&rsquo;un terrain de soccer r\u00e8glementaire, et cela en moins de 4 heures. Aussi, cela peut vous permettre d&rsquo;utiliser votre terrain sportif durant l&rsquo;hiver et de le retirer facilement quand bon vous le semble.[\/vc_icon][\/vc_column_inner][vc_column_inner column_width_percent=\u00a0\u00bb100&Prime; gutter_size=\u00a0\u00bb3&Prime; override_padding=\u00a0\u00bbyes\u00a0\u00bb column_padding=\u00a0\u00bb4&Prime; style=\u00a0\u00bbdark\u00a0\u00bb back_color=\u00a0\u00bbcolor-prif\u00a0\u00bb overlay_alpha=\u00a0\u00bb50&Prime; shift_x=\u00a0\u00bb0&Prime; shift_y=\u00a0\u00bb0&Prime; shift_y_down=\u00a0\u00bb0&Prime; z_index=\u00a0\u00bb0&Prime; medium_width=\u00a0\u00bb0&Prime; mobile_width=\u00a0\u00bb0&Prime; width=\u00a0\u00bb1\/2&Prime;][vc_icon icon=\u00a0\u00bbfa fa-fire\u00a0\u00bb icon_color=\u00a0\u00bbaccent\u00a0\u00bb size=\u00a0\u00bbfa-4x\u00a0\u00bb align=\u00a0\u00bbleft\u00a0\u00bb title=\u00a0\u00bbISOLATION\u00a0\u00bb]Les d\u00f4mes sportif de DomeIndustriel sont chaud et bien isol\u00e9. Ils poss\u00e8dent des conduits de ventilation d&rsquo;origine, pour passer la chaleurs de la chaufferette de l&rsquo;ext\u00e9rieur, vers l&rsquo;int\u00e9rieur. Donc le module de chauffage peux rester a l&rsquo;ext\u00e9rieur.[\/vc_icon][\/vc_column_inner][\/vc_row_inner][\/vc_column][vc_column column_width_percent=\u00a0\u00bb100&Prime; gutter_size=\u00a0\u00bb3&Prime; override_padding=\u00a0\u00bbyes\u00a0\u00bb column_padding=\u00a0\u00bb4&Prime; back_image=\u00a0\u00bb83333&Prime; back_position=\u00a0\u00bbright center\u00a0\u00bb kburns=\u00a0\u00bbzoom\u00a0\u00bb overlay_alpha=\u00a0\u00bb50&Prime; shift_x=\u00a0\u00bb0&Prime; shift_y=\u00a0\u00bb0&Prime; shift_y_down=\u00a0\u00bb0&Prime; z_index=\u00a0\u00bb0&Prime; medium_width=\u00a0\u00bb0&Prime; mobile_width=\u00a0\u00bb0&Prime; width=\u00a0\u00bb1\/2&Prime; mobile_height=\u00a0\u00bb340&Prime;][\/vc_column][\/vc_row][vc_row][vc_column width=\u00a0\u00bb1\/1&Prime;][uncode_block id=\u00a0\u00bb83946&Prime;][\/vc_column][\/vc_row][vc_row][vc_column width=\u00a0\u00bb1\/1&Prime;][uncode_block id=\u00a0\u00bb83605&Prime;][\/vc_column][\/vc_row][vc_row row_height_percent=\u00a0\u00bb0&Prime; override_padding=\u00a0\u00bbyes\u00a0\u00bb h_padding=\u00a0\u00bb2&Prime; top_padding=\u00a0\u00bb3&Prime; bottom_padding=\u00a0\u00bb3&Prime; back_color=\u00a0\u00bbcolor-xsdn\u00a0\u00bb overlay_alpha=\u00a0\u00bb50&Prime; gutter_size=\u00a0\u00bb3&Prime; column_width_percent=\u00a0\u00bb100&Prime; shift_y=\u00a0\u00bb0&Prime; z_index=\u00a0\u00bb0&Prime;][vc_column column_width_percent=\u00a0\u00bb100&Prime; gutter_size=\u00a0\u00bb3&Prime; style=\u00a0\u00bblight\u00a0\u00bb overlay_alpha=\u00a0\u00bb50&Prime; shift_x=\u00a0\u00bb0&Prime; shift_y=\u00a0\u00bb0&Prime; shift_y_down=\u00a0\u00bb0&Prime; z_index=\u00a0\u00bb0&Prime; medium_width=\u00a0\u00bb0&Prime; mobile_width=\u00a0\u00bb0&Prime; width=\u00a0\u00bb10\/12&Prime;][vc_row_inner row_inner_height_percent=\u00a0\u00bb0&Prime; back_color=\u00a0\u00bbaccent\u00a0\u00bb overlay_alpha=\u00a0\u00bb50&Prime; gutter_size=\u00a0\u00bb3&Prime; shift_y=\u00a0\u00bb0&Prime; z_index=\u00a0\u00bb0&Prime;][vc_column_inner column_width_percent=\u00a0\u00bb100&Prime; align_horizontal=\u00a0\u00bbalign_center\u00a0\u00bb gutter_size=\u00a0\u00bb3&Prime; override_padding=\u00a0\u00bbyes\u00a0\u00bb column_padding=\u00a0\u00bb3&Prime; overlay_alpha=\u00a0\u00bb50&Prime; shift_x=\u00a0\u00bb0&Prime; shift_y=\u00a0\u00bb0&Prime; shift_y_down=\u00a0\u00bb0&Prime; z_index=\u00a0\u00bb0&Prime; medium_width=\u00a0\u00bb0&Prime; mobile_width=\u00a0\u00bb0&Prime; width=\u00a0\u00bb1\/1&Prime;][vc_custom_heading heading_semantic=\u00a0\u00bbh3&Prime; text_size=\u00a0\u00bbh1&Prime;]D\u00f4me Industriel vous garantis d&rsquo;\u00e9conomiser un minimum de 50% sur n&rsquo;importe quel autre abris.[\/vc_custom_heading][\/vc_column_inner][\/vc_row_inner][vc_accordion active_tab=\u00a0\u00bb0&Prime;][vc_accordion_tab title=\u00a0\u00bbINSTALLATIONS\u00a0\u00bb tab_id=\u00a0\u00bb1589913202-1-98&Prime;][vc_custom_heading heading_semantic=\u00a0\u00bbp\u00a0\u00bb text_size=\u00a0\u00bb\u00a0\u00bb]<\/p>\n<ul>\n<li>Membrane PVC Tarpaulin Vinyl<\/li>\n<li>0.55mm Respecte CAN\/ULC S 109 &#8211; NFPA 701 \u2013<\/li>\n<li>EN71-2 r\u00e9sistance au feu<\/li>\n<li>Structure Double-parois air-souffl\u00e9 0,036 lbs\/po2<\/li>\n<li>Min, 2 ventilateurs 30 pi.cube\/min<\/li>\n<\/ul>\n<p>[\/vc_custom_heading][\/vc_accordion_tab][vc_accordion_tab title=\u00a0\u00bbEVALUATION STRUCTURALE\u00a0\u00bb tab_id=\u00a0\u00bb1589913202-2-23&Prime;][vc_custom_heading heading_semantic=\u00a0\u00bbp\u00a0\u00bb text_size=\u00a0\u00bb\u00a0\u00bb]Respecte les exigences du CNB 2010- CSA S367-12 structure gonflable[\/vc_custom_heading][\/vc_accordion_tab][\/vc_accordion][vc_gallery el_id=\u00a0\u00bbgallery-100852&Prime; isotope_mode=\u00a0\u00bbfitRows\u00a0\u00bb medias=\u00a0\u00bb83333,83237,83170,83172,83239,83238,83173,83169,83171&Prime; style_preset=\u00a0\u00bbmetro\u00a0\u00bb gutter_size=\u00a0\u00bb0&Prime; screen_lg=\u00a0\u00bb1000&Prime; screen_md=\u00a0\u00bb600&Prime; screen_sm=\u00a0\u00bb480&Prime; single_overlay_opacity=\u00a0\u00bb50&Prime; single_padding=\u00a0\u00bb2&Prime;][\/vc_column][vc_column column_width_percent=\u00a0\u00bb100&Prime; gutter_size=\u00a0\u00bb3&Prime; style=\u00a0\u00bblight\u00a0\u00bb overlay_alpha=\u00a0\u00bb50&Prime; shift_x=\u00a0\u00bb0&Prime; shift_y=\u00a0\u00bb0&Prime; shift_y_down=\u00a0\u00bb0&Prime; z_index=\u00a0\u00bb0&Prime; medium_width=\u00a0\u00bb0&Prime; mobile_width=\u00a0\u00bb0&Prime; width=\u00a0\u00bb2\/12&Prime;][vc_gallery el_id=\u00a0\u00bbgallery-85457123&Prime; medias=\u00a0\u00bb82892,82893,83051,83158&Prime; gutter_size=\u00a0\u00bb4&Prime; media_items=\u00a0\u00bbmedia|custom_link|original,icon\u00a0\u00bb screen_lg=\u00a0\u00bb100&Prime; screen_md=\u00a0\u00bb100&Prime; screen_sm=\u00a0\u00bb100&Prime; single_width=\u00a0\u00bb12&Prime; single_overlay_color=\u00a0\u00bbcolor-xsdn\u00a0\u00bb single_overlay_opacity=\u00a0\u00bb50&Prime; single_text_anim=\u00a0\u00bbno\u00a0\u00bb single_image_anim=\u00a0\u00bbno\u00a0\u00bb single_h_align=\u00a0\u00bbright\u00a0\u00bb single_padding=\u00a0\u00bb2&Prime; single_border=\u00a0\u00bbyes\u00a0\u00bb single_link=\u00a0\u00bburl:%23|||rel:nofollow\u00a0\u00bb items=\u00a0\u00bbeyI4Mjg5MF9pIjp7ImltYWdlc19zaXplIjoiIn19&Prime;][\/vc_column][\/vc_row]<\/p>\n<\/div>","protected":false},"excerpt":{"rendered":"<p>[vc_row unlock_row_content=\u00a0\u00bbyes\u00a0\u00bb row_height_percent=\u00a0\u00bb0&Prime; override_padding=\u00a0\u00bbyes\u00a0\u00bb h_padding=\u00a0\u00bb0&Prime; top_padding=\u00a0\u00bb0&Prime; bottom_padding=\u00a0\u00bb0&Prime; back_color=\u00a0\u00bbcolor-wayh\u00a0\u00bb overlay_alpha=\u00a0\u00bb50&Prime; equal_height=\u00a0\u00bbyes\u00a0\u00bb gutter_size=\u00a0\u00bb0&Prime; column_width_percent=\u00a0\u00bb100&Prime; shift_y=\u00a0\u00bb0&Prime; z_index=\u00a0\u00bb0&Prime;][vc_column column_width_percent=\u00a0\u00bb100&Prime; gutter_size=\u00a0\u00bb0&Prime; style=\u00a0\u00bblight\u00a0\u00bb overlay_alpha=\u00a0\u00bb50&Prime; shift_x=\u00a0\u00bb0&Prime; shift_y=\u00a0\u00bb0&Prime; [&hellip;]<\/p>\n","protected":false},"author":1,"featured_media":0,"parent":0,"menu_order":0,"comment_status":"closed","ping_status":"closed","template":"","meta":{"footnotes":""},"_links":{"self":[{"href":"https:\/\/industrialdome.com\/fr\/wp-json\/wp\/v2\/pages\/83165"}],"collection":[{"href":"https:\/\/industrialdome.com\/fr\/wp-json\/wp\/v2\/pages"}],"about":[{"href":"https:\/\/industrialdome.com\/fr\/wp-json\/wp\/v2\/types\/page"}],"author":[{"embeddable":true,"href":"https:\/\/industrialdome.com\/fr\/wp-json\/wp\/v2\/users\/1"}],"replies":[{"embeddable":true,"href":"https:\/\/industrialdome.com\/fr\/wp-json\/wp\/v2\/comments?post=83165"}],"version-history":[{"count":16,"href":"https:\/\/industrialdome.com\/fr\/wp-json\/wp\/v2\/pages\/83165\/revisions"}],"predecessor-version":[{"id":83950,"href":"https:\/\/industrialdome.com\/fr\/wp-json\/wp\/v2\/pages\/83165\/revisions\/83950"}],"wp:attachment":[{"href":"https:\/\/industrialdome.com\/fr\/wp-json\/wp\/v2\/media?parent=83165"}],"curies":[{"name":"wp","href":"https:\/\/api.w.org\/{rel}","templated":true}]}}